{"id":2788,"date":"2023-04-04T12:24:31","date_gmt":"2023-04-04T10:24:31","guid":{"rendered":"https:\/\/wordpress.vecurosoft.com\/wellnez\/?page_id=2788"},"modified":"2026-02-24T00:21:26","modified_gmt":"2026-02-24T00:21:26","slug":"kontakt","status":"publish","type":"page","link":"https:\/\/kamagra-men.com\/en\/kontakt\/","title":{"rendered":"KONTAKT"},"content":{"rendered":"<div data-elementor-type=\"wp-page\" data-elementor-id=\"2788\" class=\"elementor elementor-2788\" data-elementor-post-type=\"page\">\n\t\t\t\t\t\t<section class=\"elementor-section elementor-top-section elementor-element elementor-element-9b52be7 elementor-section-full_width bg-light-3 elementor-section-height-default elementor-section-height-default\" data-id=\"9b52be7\" data-element_type=\"section\" data-e-type=\"section\" data-settings=\"{&quot;background_background&quot;:&quot;classic&quot;}\">\n\t\t\t\t\t\t<div class=\"elementor-container elementor-column-gap-no\">\n\t\t\t\t\t<div class=\"elementor-column elementor-col-100 elementor-top-column elementor-element elementor-element-e7a7d34\" data-id=\"e7a7d34\" data-element_type=\"column\" data-e-type=\"column\">\n\t\t\t<div class=\"elementor-widget-wrap elementor-element-populated\">\n\t\t\t\t\t\t<section class=\"elementor-section elementor-inner-section elementor-element elementor-element-37a0bc9 elementor-section-boxed elementor-section-height-default elementor-section-height-default\" data-id=\"37a0bc9\" data-element_type=\"section\" data-e-type=\"section\">\n\t\t\t\t\t\t<div class=\"elementor-container elementor-column-gap-no\">\n\t\t\t\t\t<div class=\"elementor-column elementor-col-50 elementor-inner-column elementor-element elementor-element-6ed6d77\" data-id=\"6ed6d77\" data-element_type=\"column\" data-e-type=\"column\">\n\t\t\t<div class=\"elementor-widget-wrap elementor-element-populated\">\n\t\t\t\t\t\t<div class=\"elementor-element elementor-element-5f30700 elementor-widget elementor-widget-shortcode\" data-id=\"5f30700\" data-element_type=\"widget\" data-e-type=\"widget\" data-widget_type=\"shortcode.default\">\n\t\t\t\t\t\t\t<div class=\"elementor-shortcode\">\n<div class=\"wpcf7 no-js\" id=\"wpcf7-f2159-o1\" lang=\"en-US\" dir=\"ltr\" data-wpcf7-id=\"2159\">\n<div class=\"screen-reader-response\"><p role=\"status\" aria-live=\"polite\" aria-atomic=\"true\"><\/p> <ul><\/ul><\/div>\n<form action=\"\/en\/wp-json\/wp\/v2\/pages\/2788#wpcf7-f2159-o1\" method=\"post\" class=\"wpcf7-form init\" aria-label=\"Contact form\" novalidate=\"novalidate\" data-status=\"init\" data-trp-original-action=\"\/en\/wp-json\/wp\/v2\/pages\/2788#wpcf7-f2159-o1\">\n<fieldset class=\"hidden-fields-container\"><input type=\"hidden\" name=\"_wpcf7\" value=\"2159\" \/><input type=\"hidden\" name=\"_wpcf7_version\" value=\"6.1.5\" \/><input type=\"hidden\" name=\"_wpcf7_locale\" value=\"en_US\" \/><input type=\"hidden\" name=\"_wpcf7_unit_tag\" value=\"wpcf7-f2159-o1\" \/><input type=\"hidden\" name=\"_wpcf7_container_post\" value=\"0\" \/><input type=\"hidden\" name=\"_wpcf7_posted_data_hash\" value=\"\" \/>\n<\/fieldset>\n<div class=\"form-style4\">\n    <span class=\"sec-subtitle2\">Vas kaj zanima?<\/span>\n    <h2 class=\"sec-title text-uppercase\">Pi\u0161ite <span class=\"text-theme\">nam<\/span><\/h2>\n    <div class=\"form-group\">\n        <span class=\"wpcf7-form-control-wrap\" data-name=\"text-840\"><input size=\"40\" maxlength=\"400\" class=\"wpcf7-form-control wpcf7-text wpcf7-validates-as-required\" id=\"name\" aria-required=\"true\" aria-invalid=\"false\" placeholder=\"VA\u0160E IME*\" value=\"\" type=\"text\" name=\"text-840\" \/><\/span>\n        <i class=\"far fa-user-circle\"><\/i>\n    <\/div>\n    <div class=\"form-group\">\n        <span class=\"wpcf7-form-control-wrap\" data-name=\"email-922\"><input size=\"40\" maxlength=\"400\" class=\"wpcf7-form-control wpcf7-email wpcf7-validates-as-required wpcf7-text wpcf7-validates-as-email\" id=\"email\" aria-required=\"true\" aria-invalid=\"false\" placeholder=\"VA\u0160 E-MAIL*\" value=\"\" type=\"email\" name=\"email-922\" \/><\/span>\n        <i class=\"fal fa-envelope\"><\/i>\n    <\/div>\n    <div class=\"form-group\">\n        <span class=\"wpcf7-form-control-wrap\" data-name=\"textarea-389\"><textarea cols=\"40\" rows=\"10\" maxlength=\"2000\" class=\"wpcf7-form-control wpcf7-textarea wpcf7-validates-as-required\" id=\"message\" aria-required=\"true\" aria-invalid=\"false\" placeholder=\"VA\u0160E SPORO\u010cILO\" name=\"textarea-389\"><\/textarea><\/span>\n    <\/div>\n    <div class=\"form-group\">\n        <button class=\"wpcf7-submit vs-btn\" type=\"submit\">Po\u0161lji sporo\u010dilo<\/button>\n    <\/div>\n<\/div><div class=\"wpcf7-response-output\" aria-hidden=\"true\"><\/div>\n<input type=\"hidden\" name=\"trp-form-language\" value=\"en\"\/><\/form>\n<\/div>\n<\/div>\n\t\t\t\t\t\t<\/div>\n\t\t\t\t\t<\/div>\n\t\t<\/div>\n\t\t\t\t<div class=\"elementor-column elementor-col-50 elementor-inner-column elementor-element elementor-element-bb82b31\" data-id=\"bb82b31\" data-element_type=\"column\" data-e-type=\"column\">\n\t\t\t<div class=\"elementor-widget-wrap elementor-element-populated\">\n\t\t\t\t\t\t<div class=\"elementor-element elementor-element-635d577 elementor-widget elementor-widget-heading\" data-id=\"635d577\" data-element_type=\"widget\" data-e-type=\"widget\" data-widget_type=\"heading.default\">\n\t\t\t\t\t<h2 class=\"elementor-heading-title elementor-size-default\">Zakaj izbrati nas?<\/h2>\t\t\t\t<\/div>\n\t\t\t\t<div class=\"elementor-element elementor-element-160702f elementor-widget elementor-widget-text-editor\" data-id=\"160702f\" data-element_type=\"widget\" data-e-type=\"widget\" data-widget_type=\"text-editor.default\">\n\t\t\t\t\t\t\t\t\t<ul><li><span style=\"color: #000000;\">Zaupanje in kakovost: vsi izdelki so originalni in preverjeni.<\/span><\/li><li><span style=\"color: #000000;\">Diskretna dostava: va\u0161a zasebnost je na\u0161a prednostna naloga.<\/span><\/li><li><span style=\"color: #000000;\">Enostavnost: naro\u010danje poteka prek spleta, brez recepta in dodatnih postopkov.<\/span><\/li><\/ul>\t\t\t\t\t\t\t\t<\/div>\n\t\t\t\t<div class=\"elementor-element elementor-element-26b3987 elementor-widget__width-auto elementor-widget elementor-widget-text-editor\" data-id=\"26b3987\" data-element_type=\"widget\" data-e-type=\"widget\" data-widget_type=\"text-editor.default\">\n\t\t\t\t\t\t\t\t\t<p class=\"vs-info\"><i class=\"fal fa-envelope\"><\/i><span style=\"color: #25c99d;\"><a style=\"color: #25c99d;\" href=\"mailto: info@kamagra-men.com\" target=\"_blank\" rel=\"nofollow noopener\"><span class=\"wellnez-list-group-text\">info@kamagra-men.com<\/span><\/a><\/span><\/p>\t\t\t\t\t\t\t\t<\/div>\n\t\t\t\t<div class=\"elementor-element elementor-element-775faa4 elementor-widget__width-auto elementor-hidden-desktop elementor-hidden-tablet elementor-hidden-mobile elementor-widget elementor-widget-text-editor\" data-id=\"775faa4\" data-element_type=\"widget\" data-e-type=\"widget\" data-widget_type=\"text-editor.default\">\n\t\t\t\t\t\t\t\t\t<p class=\"vs-info\"><i class=\"fal fa-phone-alt\"><\/i><span style=\"color: #25c99d;\"><a class=\"text-inherit\" style=\"color: #25c99d;\" href=\"tel:+441233456789\">+441233456789<\/a><\/span><\/p>\t\t\t\t\t\t\t\t<\/div>\n\t\t\t\t<section class=\"elementor-section elementor-inner-section elementor-element elementor-element-3652aff elementor-section-boxed elementor-section-height-default elementor-section-height-default\" data-id=\"3652aff\" data-element_type=\"section\" data-e-type=\"section\">\n\t\t\t\t\t\t<div class=\"elementor-container elementor-column-gap-no\">\n\t\t\t\t\t<div class=\"elementor-column elementor-col-50 elementor-inner-column elementor-element elementor-element-9fbbdad\" data-id=\"9fbbdad\" data-element_type=\"column\" data-e-type=\"column\">\n\t\t\t<div class=\"elementor-widget-wrap elementor-element-populated\">\n\t\t\t\t\t\t<div class=\"elementor-element elementor-element-bfec420 elementor-widget__width-auto elementor-widget-tablet__width-initial elementor-widget-mobile__width-inherit elementor-widget elementor-widget-image\" data-id=\"bfec420\" data-element_type=\"widget\" data-e-type=\"widget\" data-widget_type=\"image.default\">\n\t\t\t\t\t\t\t\t\t\t\t\t\t\t\t<img fetchpriority=\"high\" decoding=\"async\" width=\"1000\" height=\"667\" src=\"https:\/\/kamagra-men.com\/wp-content\/uploads\/2026\/02\/kamagra-men-kontakt-2.jpg\" class=\"attachment-full size-full wp-image-6643\" alt=\"\" srcset=\"https:\/\/kamagra-men.com\/wp-content\/uploads\/2026\/02\/kamagra-men-kontakt-2.jpg 1000w, https:\/\/kamagra-men.com\/wp-content\/uploads\/2026\/02\/kamagra-men-kontakt-2-300x200.jpg 300w, https:\/\/kamagra-men.com\/wp-content\/uploads\/2026\/02\/kamagra-men-kontakt-2-768x512.jpg 768w, https:\/\/kamagra-men.com\/wp-content\/uploads\/2026\/02\/kamagra-men-kontakt-2-18x12.jpg 18w\" sizes=\"(max-width: 1000px) 100vw, 1000px\" \/>\t\t\t\t\t\t\t\t\t\t\t\t\t\t\t<\/div>\n\t\t\t\t\t<\/div>\n\t\t<\/div>\n\t\t\t\t<div class=\"elementor-column elementor-col-50 elementor-inner-column elementor-element elementor-element-0a961cd\" data-id=\"0a961cd\" data-element_type=\"column\" data-e-type=\"column\">\n\t\t\t<div class=\"elementor-widget-wrap elementor-element-populated\">\n\t\t\t\t\t\t<div class=\"elementor-element elementor-element-3c70b23 elementor-widget__width-auto elementor-widget-tablet__width-initial elementor-widget-mobile__width-inherit elementor-widget elementor-widget-image\" data-id=\"3c70b23\" data-element_type=\"widget\" data-e-type=\"widget\" data-widget_type=\"image.default\">\n\t\t\t\t\t\t\t\t\t\t\t\t\t\t\t<img decoding=\"async\" width=\"600\" height=\"900\" src=\"https:\/\/kamagra-men.com\/wp-content\/uploads\/2026\/02\/kamagra-men-kontakt.jpg\" class=\"attachment-full size-full wp-image-6644\" alt=\"\" srcset=\"https:\/\/kamagra-men.com\/wp-content\/uploads\/2026\/02\/kamagra-men-kontakt.jpg 600w, https:\/\/kamagra-men.com\/wp-content\/uploads\/2026\/02\/kamagra-men-kontakt-300x450.jpg 300w, https:\/\/kamagra-men.com\/wp-content\/uploads\/2026\/02\/kamagra-men-kontakt-200x300.jpg 200w, https:\/\/kamagra-men.com\/wp-content\/uploads\/2026\/02\/kamagra-men-kontakt-8x12.jpg 8w\" sizes=\"(max-width: 600px) 100vw, 600px\" \/>\t\t\t\t\t\t\t\t\t\t\t\t\t\t\t<\/div>\n\t\t\t\t\t<\/div>\n\t\t<\/div>\n\t\t\t\t\t<\/div>\n\t\t<\/section>\n\t\t\t\t\t<\/div>\n\t\t<\/div>\n\t\t\t\t\t<\/div>\n\t\t<\/section>\n\t\t\t\t\t<\/div>\n\t\t<\/div>\n\t\t\t\t\t<\/div>\n\t\t<\/section>\n\t\t\t\t<\/div>","protected":false},"excerpt":{"rendered":"<p>Zakaj izbrati nas? Zaupanje in kakovost: vsi izdelki so originalni in preverjeni. Diskretna dostava: va\u0161a zasebnost je na\u0161a prednostna naloga. Enostavnost: naro\u010danje poteka prek spleta, brez recepta in dodatnih postopkov. info@kamagra-men.com +441233456789<\/p>","protected":false},"author":1,"featured_media":0,"parent":0,"menu_order":0,"comment_status":"closed","ping_status":"closed","template":"elementor_header_footer","meta":{"footnotes":""},"class_list":["post-2788","page","type-page","status-publish","hentry"],"_hostinger_reach_plugin_has_subscription_block":false,"_hostinger_reach_plugin_is_elementor":false,"_links":{"self":[{"href":"https:\/\/kamagra-men.com\/en\/wp-json\/wp\/v2\/pages\/2788","targetHints":{"allow":["GET"]}}],"collection":[{"href":"https:\/\/kamagra-men.com\/en\/wp-json\/wp\/v2\/pages"}],"about":[{"href":"https:\/\/kamagra-men.com\/en\/wp-json\/wp\/v2\/types\/page"}],"author":[{"embeddable":true,"href":"https:\/\/kamagra-men.com\/en\/wp-json\/wp\/v2\/users\/1"}],"replies":[{"embeddable":true,"href":"https:\/\/kamagra-men.com\/en\/wp-json\/wp\/v2\/comments?post=2788"}],"version-history":[{"count":56,"href":"https:\/\/kamagra-men.com\/en\/wp-json\/wp\/v2\/pages\/2788\/revisions"}],"predecessor-version":[{"id":6859,"href":"https:\/\/kamagra-men.com\/en\/wp-json\/wp\/v2\/pages\/2788\/revisions\/6859"}],"wp:attachment":[{"href":"https:\/\/kamagra-men.com\/en\/wp-json\/wp\/v2\/media?parent=2788"}],"curies":[{"name":"wp","href":"https:\/\/api.w.org\/{rel}","templated":true}]}}