{"id":6330,"date":"2026-01-14T23:27:10","date_gmt":"2026-01-14T23:27:10","guid":{"rendered":"https:\/\/kamagra-men.com\/?page_id=6330"},"modified":"2026-02-10T12:26:49","modified_gmt":"2026-02-10T12:26:49","slug":"kaj-je-kamagra","status":"publish","type":"page","link":"https:\/\/kamagra-men.com\/en\/kaj-je-kamagra\/","title":{"rendered":"Kaj je Kamagra"},"content":{"rendered":"<div data-elementor-type=\"wp-page\" data-elementor-id=\"6330\" class=\"elementor elementor-6330\" data-elementor-post-type=\"page\">\n\t\t\t\t<div class=\"elementor-element elementor-element-6d2432a e-flex e-con-boxed e-con e-parent\" data-id=\"6d2432a\" data-element_type=\"container\" data-e-type=\"container\">\n\t\t\t\t\t<div class=\"e-con-inner\">\n\t\t\t\t<div class=\"elementor-element elementor-element-0ceab1e elementor-widget elementor-widget-text-editor\" data-id=\"0ceab1e\" data-element_type=\"widget\" data-e-type=\"widget\" data-widget_type=\"text-editor.default\">\n\t\t\t\t\t\t\t\t\t<h6><span style=\"color: #000000;\">Dobrodo\u0161li na sodobni spletni strani, specializirani za <strong>generi\u010dna zdravila za zdravljenje spolnih disfunkcij<\/strong> pri mo\u0161kih. Na enem mestu ponujamo \u0161irok izbor preverjenih in u\u010dinkovitih izdelkov, namenjenih izbolj\u0161anju erekcije, podalj\u0161anju spolnega odnosa in pove\u010danju samozavesti v intimnem \u017eivljenju.<\/span><\/h6><h6><span style=\"color: #000000;\">Na\u0161a prednost je <strong>diskretna, hitra in zanesljiva dostava<\/strong>, konkuren\u010dne cene ter enostavno naro\u010danje iz udobja doma. Izdelki so na voljo v razli\u010dnih oblikah in jakostih, kar omogo\u010da izbiro glede na individualne potrebe in \u017eivljenjski slog. Poleg zdravil ponujamo tudi strokovno pripravljene vsebine, ki pomagajo pri razumevanju delovanja, pravilne uporabe in pri\u010dakovanih u\u010dinkov.<\/span><\/h6><h5><span style=\"color: #25c99d;\"><strong>Kaj je Kamagra?<\/strong><\/span><\/h5><h6><span style=\"color: #000000;\">Kamagra je ena najbolj prepoznavnih generi\u010dnih alternativ originalnim zdravilom za erektilno disfunkcijo. Vsebuje <strong>sildenafil citrat<\/strong>, u\u010dinkovino, ki izbolj\u0161uje pretok krvi in omogo\u010da doseganje ter vzdr\u017eevanje trdne erekcije ob spolni stimulaciji.<\/span><\/h6><h6><span style=\"color: #000000;\">Erektilna disfunkcija je pogosta te\u017eava, ki se lahko pojavi zaradi staranja, stresa, hormonskih sprememb, kroni\u010dnih bolezni ali psiholo\u0161kih dejavnikov. Kamagra ne deluje kot afrodiziak, temve\u010d podpira naravni fiziolo\u0161ki odziv telesa.<\/span><\/h6>\t\t\t\t\t\t\t\t<\/div>\n\t\t\t\t\t<\/div>\n\t\t\t\t<\/div>\n\t\t\t\t<section class=\"elementor-section elementor-top-section elementor-element elementor-element-7c66d4f elementor-section-full_width elementor-section-stretched elementor-section-height-default elementor-section-height-default\" data-id=\"7c66d4f\" data-element_type=\"section\" data-e-type=\"section\" data-settings=\"{&quot;stretch_section&quot;:&quot;section-stretched&quot;}\">\n\t\t\t\t\t\t<div class=\"elementor-container elementor-column-gap-no\">\n\t\t\t\t\t<div class=\"elementor-column elementor-col-100 elementor-top-column elementor-element elementor-element-2b82df9\" data-id=\"2b82df9\" data-element_type=\"column\" data-e-type=\"column\">\n\t\t\t<div class=\"elementor-widget-wrap elementor-element-populated\">\n\t\t\t\t\t\t<section class=\"elementor-section elementor-inner-section elementor-element elementor-element-0d3503a elementor-section-boxed elementor-section-height-default elementor-section-height-default\" data-id=\"0d3503a\" data-element_type=\"section\" data-e-type=\"section\">\n\t\t\t\t\t\t<div class=\"elementor-container elementor-column-gap-no\">\n\t\t\t\t\t<div class=\"elementor-column elementor-col-100 elementor-inner-column elementor-element elementor-element-916ec5b\" data-id=\"916ec5b\" data-element_type=\"column\" data-e-type=\"column\">\n\t\t\t<div class=\"elementor-widget-wrap elementor-element-populated\">\n\t\t\t\t\t\t<div class=\"elementor-element elementor-element-2686f3a elementor-widget elementor-widget-image-carousel\" data-id=\"2686f3a\" data-element_type=\"widget\" data-e-type=\"widget\" data-settings=\"{&quot;slides_to_show&quot;:&quot;1&quot;,&quot;navigation&quot;:&quot;none&quot;,&quot;effect&quot;:&quot;fade&quot;,&quot;autoplay&quot;:&quot;yes&quot;,&quot;pause_on_hover&quot;:&quot;yes&quot;,&quot;pause_on_interaction&quot;:&quot;yes&quot;,&quot;autoplay_speed&quot;:5000,&quot;infinite&quot;:&quot;yes&quot;,&quot;speed&quot;:500}\" data-widget_type=\"image-carousel.default\">\n\t\t\t\t\t\t\t<div class=\"elementor-image-carousel-wrapper swiper\" role=\"region\" aria-roledescription=\"carousel\" aria-label=\"Image Carousel\" dir=\"ltr\">\n\t\t\t<div class=\"elementor-image-carousel swiper-wrapper swiper-image-stretch\" aria-live=\"off\">\n\t\t\t\t\t\t\t\t<div class=\"swiper-slide\" role=\"group\" aria-roledescription=\"slide\" aria-label=\"1 of 1\"><figure class=\"swiper-slide-inner\"><img decoding=\"async\" class=\"swiper-slide-image\" src=\"https:\/\/kamagra-men.com\/wp-content\/uploads\/2026\/02\/kamagra-men-kontakt-2.jpg\" alt=\"Sexy hot sensual brunette in white seductive lingerie posing lying on her stomach on the bed in the bedroom showing bikini buttocks. Nude shooting.\" \/><\/figure><\/div>\t\t\t<\/div>\n\t\t\t\t\t<\/div>\n\t\t\t\t\t\t<\/div>\n\t\t\t\t\t<\/div>\n\t\t<\/div>\n\t\t\t\t\t<\/div>\n\t\t<\/section>\n\t\t\t\t<section class=\"elementor-section elementor-inner-section elementor-element elementor-element-22b0e42 elementor-section-boxed elementor-section-height-default elementor-section-height-default\" data-id=\"22b0e42\" data-element_type=\"section\" data-e-type=\"section\">\n\t\t\t\t\t\t<div class=\"elementor-container elementor-column-gap-no\">\n\t\t\t\t\t<div class=\"elementor-column elementor-col-100 elementor-inner-column elementor-element elementor-element-84cd218\" data-id=\"84cd218\" data-element_type=\"column\" data-e-type=\"column\">\n\t\t\t<div class=\"elementor-widget-wrap elementor-element-populated\">\n\t\t\t\t\t\t<section class=\"elementor-section elementor-inner-section elementor-element elementor-element-a8ad1df elementor-section-boxed elementor-section-height-default elementor-section-height-default\" data-id=\"a8ad1df\" data-element_type=\"section\" data-e-type=\"section\">\n\t\t\t\t\t\t<div class=\"elementor-container elementor-column-gap-no\">\n\t\t\t\t\t<div class=\"elementor-column elementor-col-33 elementor-inner-column elementor-element elementor-element-642d948\" data-id=\"642d948\" data-element_type=\"column\" data-e-type=\"column\">\n\t\t\t<div class=\"elementor-widget-wrap elementor-element-populated\">\n\t\t\t\t\t\t<div class=\"elementor-element elementor-element-8923ed2 elementor-widget elementor-widget-text-editor\" data-id=\"8923ed2\" data-element_type=\"widget\" data-e-type=\"widget\" data-widget_type=\"text-editor.default\">\n\t\t\t\t\t\t\t\t\t<h5><span style=\"color: #25c99d;\"><strong><span lang=\"EN-GB\">Zakaj izbrati generi\u010dna zdravila?<\/span><\/strong><\/span><\/h5>\t\t\t\t\t\t\t\t<\/div>\n\t\t\t\t<div class=\"elementor-element elementor-element-67221a2 elementor-widget elementor-widget-text-editor\" data-id=\"67221a2\" data-element_type=\"widget\" data-e-type=\"widget\" data-widget_type=\"text-editor.default\">\n\t\t\t\t\t\t\t\t\t<p><span lang=\"EN-GB\">Generi\u010dna zdravila vsebujejo <strong>enako u\u010dinkovino, odmerek in mehanizem delovanja<\/strong> kot originalna zdravila, vendar so bistveno cenovno dostopnej\u0161a. Ni\u017eja cena je posledica odsotnosti stro\u0161kov razvoja in patentiranja, ne pa ni\u017eje kakovosti.<\/span><\/p>\t\t\t\t\t\t\t\t<\/div>\n\t\t\t\t\t<\/div>\n\t\t<\/div>\n\t\t\t\t<div class=\"elementor-column elementor-col-33 elementor-inner-column elementor-element elementor-element-554965b\" data-id=\"554965b\" data-element_type=\"column\" data-e-type=\"column\">\n\t\t\t<div class=\"elementor-widget-wrap elementor-element-populated\">\n\t\t\t\t\t\t<div class=\"elementor-element elementor-element-f342725 elementor-widget__width-auto elementor-widget elementor-widget-text-editor\" data-id=\"f342725\" data-element_type=\"widget\" data-e-type=\"widget\" data-widget_type=\"text-editor.default\">\n\t\t\t\t\t\t\t\t\t<div class=\"col\"><h5><span style=\"color: #25c99d;\"><strong><span lang=\"EN-GB\">Kako delujejo ta zdravila?<\/span><\/strong><\/span><\/h5><p><span lang=\"EN-GB\">Vsi izdelki s sildenafilom delujejo kot <strong>zaviralci PDE-5<\/strong>, kar pomeni, da omogo\u010dajo bolj\u0161i pretok krvi v genitalnem predelu ob spolni stimulaciji. Rezultat je mo\u010dnej\u0161a, stabilnej\u0161a in dolgotrajnej\u0161a erekcija. Pri kombiniranih izdelkih dapoksetin dodatno pomaga pri nadzoru ejakulacije.<\/span><\/p><\/div>\t\t\t\t\t\t\t\t<\/div>\n\t\t\t\t\t<\/div>\n\t\t<\/div>\n\t\t\t\t<div class=\"elementor-column elementor-col-33 elementor-inner-column elementor-element elementor-element-c9e71a9\" data-id=\"c9e71a9\" data-element_type=\"column\" data-e-type=\"column\">\n\t\t\t<div class=\"elementor-widget-wrap elementor-element-populated\">\n\t\t\t\t\t\t<div class=\"elementor-element elementor-element-938c1c3 elementor-widget__width-auto elementor-widget elementor-widget-text-editor\" data-id=\"938c1c3\" data-element_type=\"widget\" data-e-type=\"widget\" data-widget_type=\"text-editor.default\">\n\t\t\t\t\t\t\t\t\t<div class=\"col\"><h5><span style=\"color: #25c99d;\"><strong><span lang=\"EN-GB\">Zakaj naro\u010dati prek spleta?<\/span><\/strong><\/span><\/h5><div class=\"list-style1\"><ul><li><span style=\"color: #000000;\">Popolna diskretnost in zasebnost<\/span><\/li><li><span style=\"color: #000000;\">Ni \u010dakalnih vrst ali neprijetnih pogovorov<\/span><\/li><li><span style=\"color: #000000;\">Ugodnej\u0161e cene in \u0161ir\u0161a izbira<\/span><\/li><li><span style=\"color: #000000;\">Varno pla\u010devanje in za\u0161\u010dita podatkov<\/span><\/li><li><span style=\"color: #000000;\">Diskretna embala\u017ea brez oznak<\/span><\/li><\/ul><\/div><\/div>\t\t\t\t\t\t\t\t<\/div>\n\t\t\t\t\t<\/div>\n\t\t<\/div>\n\t\t\t\t\t<\/div>\n\t\t<\/section>\n\t\t\t\t\t<\/div>\n\t\t<\/div>\n\t\t\t\t\t<\/div>\n\t\t<\/section>\n\t\t\t\t\t<\/div>\n\t\t<\/div>\n\t\t\t\t\t<\/div>\n\t\t<\/section>\n\t\t<div class=\"elementor-element elementor-element-90e2955 e-flex e-con-boxed e-con e-parent\" data-id=\"90e2955\" data-element_type=\"container\" data-e-type=\"container\">\n\t\t\t\t\t<div class=\"e-con-inner\">\n\t\t\t\t<div class=\"elementor-element elementor-element-9cb5f1c elementor-widget elementor-widget-text-editor\" data-id=\"9cb5f1c\" data-element_type=\"widget\" data-e-type=\"widget\" data-widget_type=\"text-editor.default\">\n\t\t\t\t\t\t\t\t\t<h5><span style=\"color: #25c99d;\"><strong>Mnenja uporabnikov<\/strong><\/span><\/h5><p>Iskrene izku\u0161nje uporabnikov pomagajo drugim pri odlo\u010ditvi. Spodbujamo deljenje mnenj, saj nam omogo\u010dajo izbolj\u0161evanje ponudbe in storitve. Ocene izdelkov so pomemben del zaupanja in transparentnosti.<\/p><p>\u010ce i\u0161\u010dete <strong>zanesljivo, diskretno in u\u010dinkovito re\u0161itev za izbolj\u0161anje spolnega \u017eivljenja<\/strong>, ste na pravem mestu. Na\u0161a ponudba zdru\u017euje kakovost, dostopnost in enostavno uporabo, z jasnim ciljem \u2013 povrniti samozavest in zadovoljstvo v intimnih trenutkih.<\/p>\t\t\t\t\t\t\t\t<\/div>\n\t\t\t\t\t<\/div>\n\t\t\t\t<\/div>\n\t\t\t\t<section class=\"elementor-section elementor-top-section elementor-element elementor-element-c7b84f7 elementor-section-full_width elementor-hidden-desktop elementor-hidden-tablet elementor-hidden-mobile elementor-section-height-default elementor-section-height-default\" data-id=\"c7b84f7\" data-element_type=\"section\" data-e-type=\"section\">\n\t\t\t\t\t\t\t<div class=\"elementor-background-overlay\"><\/div>\n\t\t\t\t\t\t\t<div class=\"elementor-container elementor-column-gap-no\">\n\t\t\t\t\t<div class=\"elementor-column elementor-col-100 elementor-top-column elementor-element elementor-element-33f17e1\" data-id=\"33f17e1\" data-element_type=\"column\" data-e-type=\"column\">\n\t\t\t<div class=\"elementor-widget-wrap elementor-element-populated\">\n\t\t\t\t\t\t<section class=\"elementor-section elementor-inner-section elementor-element elementor-element-32137a4 elementor-section-boxed elementor-section-height-default elementor-section-height-default\" data-id=\"32137a4\" data-element_type=\"section\" data-e-type=\"section\">\n\t\t\t\t\t\t<div class=\"elementor-container elementor-column-gap-no\">\n\t\t\t\t\t<div class=\"elementor-column elementor-col-100 elementor-inner-column elementor-element elementor-element-5897cc9\" data-id=\"5897cc9\" data-element_type=\"column\" data-e-type=\"column\">\n\t\t\t<div class=\"elementor-widget-wrap elementor-element-populated\">\n\t\t\t\t\t\t<div class=\"elementor-element elementor-element-0bba28c elementor-widget elementor-widget-wellnezsectiontitle\" data-id=\"0bba28c\" data-element_type=\"widget\" data-e-type=\"widget\" data-widget_type=\"wellnezsectiontitle.default\">\n\t\t\t\t<div class=\"elementor-widget-container\">\n\t\t\t\t\t<!-- Section Title --><div class=\"title-area\" ><span class=\"sec-subtitle\">CLIENT TESTIMONIAL<\/span><h2 class=\"sec-title3 title-selector h1\">Wellnes Customers<\/h2><\/div><!-- End Section Title -->\t\t\t\t<\/div>\n\t\t\t\t<\/div>\n\t\t\t\t\t<\/div>\n\t\t<\/div>\n\t\t\t\t\t<\/div>\n\t\t<\/section>\n\t\t\t\t<section class=\"elementor-section elementor-inner-section elementor-element elementor-element-cce7913 elementor-section-content-bottom elementor-section-boxed elementor-section-height-default elementor-section-height-default\" data-id=\"cce7913\" data-element_type=\"section\" data-e-type=\"section\">\n\t\t\t\t\t\t<div class=\"elementor-container elementor-column-gap-no\">\n\t\t\t\t\t<div class=\"elementor-column elementor-col-100 elementor-inner-column elementor-element elementor-element-398147f\" data-id=\"398147f\" data-element_type=\"column\" data-e-type=\"column\">\n\t\t\t<div class=\"elementor-widget-wrap elementor-element-populated\">\n\t\t\t\t\t\t<div class=\"elementor-element elementor-element-70cab55 elementor-widget elementor-widget-wellneztestimonialslider\" data-id=\"70cab55\" data-element_type=\"widget\" data-e-type=\"widget\" data-widget_type=\"wellneztestimonialslider.default\">\n\t\t\t\t<div class=\"elementor-widget-container\">\n\t\t\t\t\t\t\t\t\t\t\t<div class=\"testi-style2\">\r\n\t\t\t\t\t\t\t\t\t\t\t<span class=\"vs-icon\">\r\n\t\t\t\t\t\t\t<img decoding=\"async\" src=\"https:\/\/wordpress.vecurosoft.com\/wellnez\/wp-content\/uploads\/2023\/03\/quote-1-1.png\" alt=\"icon\"  \/>\t\t\t\t\t\t<\/span>\r\n\t\t\t\t\t\t\t\t\t\t<div class=\"testimonial-carousel2\" data-slide-to-show=\"1\">\r\n\t\t\t\t\t\t\t\t\t\t\t\t\t<div>\r\n\t\t\t\t\t\t\t\t\t\t\t\t\t\t\t\t\t<p class=\"testi-text\">\r\n\t\t\t\t\t\t\t\t\t\t\u201cCreation timelines for the standard lorem ipsum passage vary, with some  citing the 15th century and others the part of Cicero\u201d\t\t\t\t\t\t\t\t\t<\/p>\r\n\t\t\t\t\t\t\t\t\t\t\t\t\t\t\t\t\t\t\t\t\t\t\t\t\t<div class=\"arrow-shape\">\r\n\t\t\t\t\t\t\t\t\t\t<i class=\"arrow\"><\/i>\r\n\t\t\t\t\t\t\t\t\t\t<i class=\"arrow\"><\/i>\r\n\t\t\t\t\t\t\t\t\t\t<i class=\"arrow\"><\/i>\r\n\t\t\t\t\t\t\t\t\t\t<i class=\"arrow\"><\/i>\r\n\t\t\t\t\t\t\t\t\t<\/div>\r\n\t\t\t\t\t\t\t\t\t\t\t\t\t\t\t\t\t\t\t\t\t\t\t\t\t<h3 class=\"testi-name h5\">Vivi Marian<\/h3>\r\n\t\t\t\t\t\t\t\t\t\t\t\t\t\t\t\t\t\t\t\t\t\t\t\t\t<span class=\"testi-degi\">Customer<\/span>\r\n\t\t\t\t\t\t\t\t\t\t\t\t\t\t\t<\/div>\r\n\t\t\t\t\t\t\t\t\t\t\t\t\t<div>\r\n\t\t\t\t\t\t\t\t\t\t\t\t\t\t\t\t\t<p class=\"testi-text\">\r\n\t\t\t\t\t\t\t\t\t\t\u201cWe think your skin should look and refshed matter Nourish your outer\ninner beauty with our essential oil infused beauty products\u201d\t\t\t\t\t\t\t\t\t<\/p>\r\n\t\t\t\t\t\t\t\t\t\t\t\t\t\t\t\t\t\t\t\t\t\t\t\t\t<div class=\"arrow-shape\">\r\n\t\t\t\t\t\t\t\t\t\t<i class=\"arrow\"><\/i>\r\n\t\t\t\t\t\t\t\t\t\t<i class=\"arrow\"><\/i>\r\n\t\t\t\t\t\t\t\t\t\t<i class=\"arrow\"><\/i>\r\n\t\t\t\t\t\t\t\t\t\t<i class=\"arrow\"><\/i>\r\n\t\t\t\t\t\t\t\t\t<\/div>\r\n\t\t\t\t\t\t\t\t\t\t\t\t\t\t\t\t\t\t\t\t\t\t\t\t\t<h3 class=\"testi-name h5\">Thomas Muller<\/h3>\r\n\t\t\t\t\t\t\t\t\t\t\t\t\t\t\t\t\t\t\t\t\t\t\t\t\t<span class=\"testi-degi\">CEO, SPATHINK<\/span>\r\n\t\t\t\t\t\t\t\t\t\t\t\t\t\t\t<\/div>\r\n\t\t\t\t\t\t\t\t\t\t\t<\/div>\r\n\t\t\t\t<\/div>\r\n\t\t\t\t\t\t\t\t\t<\/div>\n\t\t\t\t<\/div>\n\t\t\t\t\t<\/div>\n\t\t<\/div>\n\t\t\t\t\t<\/div>\n\t\t<\/section>\n\t\t\t\t\t<\/div>\n\t\t<\/div>\n\t\t\t\t\t<\/div>\n\t\t<\/section>\n\t\t\t\t<\/div>","protected":false},"excerpt":{"rendered":"<p>Dobrodo\u0161li na sodobni spletni strani, specializirani za generi\u010dna zdravila za zdravljenje spolnih disfunkcij pri mo\u0161kih. Na enem mestu ponujamo \u0161irok izbor preverjenih in u\u010dinkovitih izdelkov, namenjenih izbolj\u0161anju erekcije, podalj\u0161anju spolnega odnosa in pove\u010danju samozavesti v intimnem \u017eivljenju. Na\u0161a prednost je diskretna, hitra in zanesljiva dostava, konkuren\u010dne cene ter enostavno naro\u010danje iz udobja doma. Izdelki so&#8230;<\/p>","protected":false},"author":1,"featured_media":0,"parent":0,"menu_order":0,"comment_status":"closed","ping_status":"closed","template":"","meta":{"footnotes":""},"class_list":["post-6330","page","type-page","status-publish","hentry"],"_hostinger_reach_plugin_has_subscription_block":false,"_hostinger_reach_plugin_is_elementor":false,"_links":{"self":[{"href":"https:\/\/kamagra-men.com\/en\/wp-json\/wp\/v2\/pages\/6330","targetHints":{"allow":["GET"]}}],"collection":[{"href":"https:\/\/kamagra-men.com\/en\/wp-json\/wp\/v2\/pages"}],"about":[{"href":"https:\/\/kamagra-men.com\/en\/wp-json\/wp\/v2\/types\/page"}],"author":[{"embeddable":true,"href":"https:\/\/kamagra-men.com\/en\/wp-json\/wp\/v2\/users\/1"}],"replies":[{"embeddable":true,"href":"https:\/\/kamagra-men.com\/en\/wp-json\/wp\/v2\/comments?post=6330"}],"version-history":[{"count":40,"href":"https:\/\/kamagra-men.com\/en\/wp-json\/wp\/v2\/pages\/6330\/revisions"}],"predecessor-version":[{"id":6754,"href":"https:\/\/kamagra-men.com\/en\/wp-json\/wp\/v2\/pages\/6330\/revisions\/6754"}],"wp:attachment":[{"href":"https:\/\/kamagra-men.com\/en\/wp-json\/wp\/v2\/media?parent=6330"}],"curies":[{"name":"wp","href":"https:\/\/api.w.org\/{rel}","templated":true}]}}