{"id":93,"date":"2023-03-16T11:14:31","date_gmt":"2023-03-16T10:14:31","guid":{"rendered":"https:\/\/wordpress.vecurosoft.com\/wellnez\/?page_id=93"},"modified":"2026-02-10T12:31:27","modified_gmt":"2026-02-10T12:31:27","slug":"o-nas","status":"publish","type":"page","link":"https:\/\/kamagra-men.com\/en\/o-nas\/","title":{"rendered":"O nas"},"content":{"rendered":"<div data-elementor-type=\"wp-page\" data-elementor-id=\"93\" class=\"elementor elementor-93\" data-elementor-post-type=\"page\">\n\t\t\t\t\t\t<section class=\"elementor-section elementor-top-section elementor-element elementor-element-7c66d4f elementor-section-full_width elementor-section-stretched elementor-section-height-default elementor-section-height-default\" data-id=\"7c66d4f\" data-element_type=\"section\" data-e-type=\"section\" data-settings=\"{&quot;stretch_section&quot;:&quot;section-stretched&quot;}\">\n\t\t\t\t\t\t<div class=\"elementor-container elementor-column-gap-no\">\n\t\t\t\t\t<div class=\"elementor-column elementor-col-100 elementor-top-column elementor-element elementor-element-2b82df9\" data-id=\"2b82df9\" data-element_type=\"column\" data-e-type=\"column\">\n\t\t\t<div class=\"elementor-widget-wrap elementor-element-populated\">\n\t\t\t\t\t\t<section class=\"elementor-section elementor-inner-section elementor-element elementor-element-0d3503a elementor-section-boxed elementor-section-height-default elementor-section-height-default\" data-id=\"0d3503a\" data-element_type=\"section\" data-e-type=\"section\">\n\t\t\t\t\t\t<div class=\"elementor-container elementor-column-gap-no\">\n\t\t\t\t\t<div class=\"elementor-column elementor-col-100 elementor-inner-column elementor-element elementor-element-916ec5b\" data-id=\"916ec5b\" data-element_type=\"column\" data-e-type=\"column\">\n\t\t\t<div class=\"elementor-widget-wrap elementor-element-populated\">\n\t\t\t\t\t\t<div class=\"elementor-element elementor-element-5186d82 elementor-widget elementor-widget-text-editor\" data-id=\"5186d82\" data-element_type=\"widget\" data-e-type=\"widget\" data-widget_type=\"text-editor.default\">\n\t\t\t\t\t\t\t\t\t<h3 data-start=\"182\" data-end=\"205\"><span style=\"color: #25c99d;\">O nas \u2013 Kamagra Men<\/span><\/h3><p data-start=\"207\" data-end=\"507\">Dobrodo\u0161li na spletni strani <strong data-start=\"236\" data-end=\"251\">Kamagra Men<\/strong>, specializirani spletni trgovini, namenjeni vsem, ki i\u0161\u010dejo zanesljive, preverjene in originalne Kamagra izdelke. Na\u0161e poslanstvo je, da vam omogo\u010dimo varen, enostaven in diskreten dostop do izdelkov, ki prispevajo k ve\u010dji samozavesti in bolj\u0161emu po\u010dutju.<\/p><p data-start=\"509\" data-end=\"732\">Pri svojem delu se osredoto\u010damo na kakovost, zaupanje in popolno zasebnost kupcev. Zavedamo se, da so tovrstni izdelki osebne narave, zato posebno pozornost namenjamo diskretni obravnavi naro\u010dil in varovanju va\u0161ih podatkov.<\/p><h3 data-start=\"734\" data-end=\"749\"><span style=\"color: #25c99d;\">Na\u0161a vizija<\/span><\/h3><p data-start=\"751\" data-end=\"1084\">V podjetju <strong data-start=\"762\" data-end=\"777\">Kamagra Men<\/strong> verjamemo, da bi moral imeti vsak posameznik mo\u017enost dostopa do preverjenih in u\u010dinkovitih re\u0161itev za izbolj\u0161anje intimnega \u017eivljenja, brez zapletenih postopkov, nepotrebnega \u010dakanja ali neprijetnih situacij. Na\u0161a vizija je ustvariti spletno okolje, kjer se boste po\u010dutili varno, spo\u0161tovano in informirano.<\/p><p data-start=\"1086\" data-end=\"1264\">V na\u0161i ponudbi najdete izklju\u010dno originalne Kamagra izdelke priznanega farmacevtskega proizvajalca <strong data-start=\"1185\" data-end=\"1202\">Ajanta Pharma<\/strong>, ki je znan po visokih standardih kakovosti in zanesljivosti.<\/p><h3 data-start=\"1266\" data-end=\"1296\"><span style=\"color: #25c99d;\">Zakaj izbrati Kamagra Men?<\/span><\/h3><ul data-start=\"1298\" data-end=\"1676\"><li data-start=\"1298\" data-end=\"1400\"><p data-start=\"1300\" data-end=\"1400\"><strong data-start=\"1300\" data-end=\"1336\">Preverjena kakovost in izvirnost<\/strong><br data-start=\"1336\" data-end=\"1339\" \/>Vsi izdelki v na\u0161i ponudbi so originalni in skrbno izbrani.<\/p><\/li><li data-start=\"1402\" data-end=\"1485\"><p data-start=\"1404\" data-end=\"1485\"><strong data-start=\"1404\" data-end=\"1427\">Popolna diskretnost<\/strong><br data-start=\"1427\" data-end=\"1430\" \/>Dostava je neopazna, paketi pa ne razkrivajo vsebine.<\/p><\/li><li data-start=\"1487\" data-end=\"1576\"><p data-start=\"1489\" data-end=\"1576\"><strong data-start=\"1489\" data-end=\"1512\">Enostavno naro\u010danje<\/strong><br data-start=\"1512\" data-end=\"1515\" \/>Hiter in pregleden spletni nakup brez zapletenih postopkov.<\/p><\/li><li data-start=\"1578\" data-end=\"1676\"><p data-start=\"1580\" data-end=\"1676\"><strong data-start=\"1580\" data-end=\"1600\">Podpora strankam<\/strong><br data-start=\"1600\" data-end=\"1603\" \/>Na\u0161a ekipa vam je na voljo za vpra\u0161anja, pomo\u010d ali dodatne informacije.<\/p><\/li><\/ul><h3 data-start=\"1678\" data-end=\"1693\"><span style=\"color: #25c99d;\">Na\u0161a zaveza<\/span><\/h3><p data-start=\"1695\" data-end=\"1922\">Na\u0161 cilj je, da vam pri <strong data-start=\"1719\" data-end=\"1734\">Kamagra Men<\/strong> zagotovimo brezskrbno izku\u0161njo \u2013 od prvega obiska spletne strani do prejema naro\u010dila. Prizadevamo si za jasno komunikacijo, hitro obdelavo naro\u010dil in podporo, na katero se lahko zanesete.<\/p><p data-start=\"1924\" data-end=\"2069\">Va\u0161e zadovoljstvo in zaupanje sta za nas najpomembnej\u0161a. Veseli bomo, \u010de se boste na nas obrnili z vpra\u0161anji ali potrebovali dodatne informacije.<\/p><h3 data-start=\"2071\" data-end=\"2082\"><span style=\"color: #25c99d;\">Kontakt<\/span><\/h3><p data-start=\"2084\" data-end=\"2144\">Podjetje: <span style=\"color: #229dbc;\"><strong data-start=\"2094\" data-end=\"2109\">Kamagra Men<\/strong><\/span><br data-start=\"2109\" data-end=\"2112\" \/>E-mail: <span style=\"color: #25c99d;\"><strong data-start=\"2120\" data-end=\"2144\"><a class=\"decorated-link cursor-pointer\" style=\"color: #25c99d;\" rel=\"noopener\" data-start=\"2122\" data-end=\"2142\">info@kamagra-men.com<\/a><\/strong><\/span><\/p>\t\t\t\t\t\t\t\t<\/div>\n\t\t\t\t<div class=\"elementor-element elementor-element-2686f3a elementor-widget elementor-widget-image-carousel\" data-id=\"2686f3a\" data-element_type=\"widget\" data-e-type=\"widget\" data-settings=\"{&quot;slides_to_show&quot;:&quot;1&quot;,&quot;navigation&quot;:&quot;none&quot;,&quot;effect&quot;:&quot;fade&quot;,&quot;autoplay&quot;:&quot;yes&quot;,&quot;pause_on_hover&quot;:&quot;yes&quot;,&quot;pause_on_interaction&quot;:&quot;yes&quot;,&quot;autoplay_speed&quot;:5000,&quot;infinite&quot;:&quot;yes&quot;,&quot;speed&quot;:500}\" data-widget_type=\"image-carousel.default\">\n\t\t\t\t\t\t\t<div class=\"elementor-image-carousel-wrapper swiper\" role=\"region\" aria-roledescription=\"carousel\" aria-label=\"Image Carousel\" dir=\"ltr\">\n\t\t\t<div class=\"elementor-image-carousel swiper-wrapper swiper-image-stretch\" aria-live=\"off\">\n\t\t\t\t\t\t\t\t<div class=\"swiper-slide\" role=\"group\" aria-roledescription=\"slide\" aria-label=\"1 of 1\"><figure class=\"swiper-slide-inner\"><img decoding=\"async\" class=\"swiper-slide-image\" src=\"https:\/\/kamagra-men.com\/wp-content\/uploads\/2026\/02\/kamagra-men-o-nas.jpg\" alt=\"kamagra men o nas\" \/><\/figure><\/div>\t\t\t<\/div>\n\t\t\t\t\t<\/div>\n\t\t\t\t\t\t<\/div>\n\t\t\t\t\t<\/div>\n\t\t<\/div>\n\t\t\t\t\t<\/div>\n\t\t<\/section>\n\t\t\t\t\t<\/div>\n\t\t<\/div>\n\t\t\t\t\t<\/div>\n\t\t<\/section>\n\t\t\t\t<\/div>","protected":false},"excerpt":{"rendered":"<p>O nas \u2013 Kamagra Men Dobrodo\u0161li na spletni strani Kamagra Men, specializirani spletni trgovini, namenjeni vsem, ki i\u0161\u010dejo zanesljive, preverjene in originalne Kamagra izdelke. Na\u0161e poslanstvo je, da vam omogo\u010dimo varen, enostaven in diskreten dostop do izdelkov, ki prispevajo k ve\u010dji samozavesti in bolj\u0161emu po\u010dutju. Pri svojem delu se osredoto\u010damo na kakovost, zaupanje in popolno&#8230;<\/p>","protected":false},"author":1,"featured_media":0,"parent":0,"menu_order":0,"comment_status":"closed","ping_status":"closed","template":"template-builder.php","meta":{"footnotes":""},"class_list":["post-93","page","type-page","status-publish","hentry"],"_hostinger_reach_plugin_has_subscription_block":false,"_hostinger_reach_plugin_is_elementor":false,"_links":{"self":[{"href":"https:\/\/kamagra-men.com\/en\/wp-json\/wp\/v2\/pages\/93","targetHints":{"allow":["GET"]}}],"collection":[{"href":"https:\/\/kamagra-men.com\/en\/wp-json\/wp\/v2\/pages"}],"about":[{"href":"https:\/\/kamagra-men.com\/en\/wp-json\/wp\/v2\/types\/page"}],"author":[{"embeddable":true,"href":"https:\/\/kamagra-men.com\/en\/wp-json\/wp\/v2\/users\/1"}],"replies":[{"embeddable":true,"href":"https:\/\/kamagra-men.com\/en\/wp-json\/wp\/v2\/comments?post=93"}],"version-history":[{"count":30,"href":"https:\/\/kamagra-men.com\/en\/wp-json\/wp\/v2\/pages\/93\/revisions"}],"predecessor-version":[{"id":6757,"href":"https:\/\/kamagra-men.com\/en\/wp-json\/wp\/v2\/pages\/93\/revisions\/6757"}],"wp:attachment":[{"href":"https:\/\/kamagra-men.com\/en\/wp-json\/wp\/v2\/media?parent=93"}],"curies":[{"name":"wp","href":"https:\/\/api.w.org\/{rel}","templated":true}]}}