{"id":6167,"date":"2025-12-24T21:29:09","date_gmt":"2025-12-24T21:29:09","guid":{"rendered":"https:\/\/kamagra-men.com\/?post_type=product&#038;p=6167"},"modified":"2026-02-24T02:22:28","modified_gmt":"2026-02-24T02:22:28","slug":"kamagra-gel-oral-jelly","status":"publish","type":"product","link":"https:\/\/kamagra-men.com\/en\/product\/kamagra-gel-oral-jelly\/","title":{"rendered":"Kamagra GEL Oral Jelly"},"content":{"rendered":"<ul>\n<li>Kamagro zau\u017eijte 10 \u2013 15 minut pred za\u010detkom spolnega odnosa<\/li>\n<li>Gel enostavno iztisnete na jezik in pogoltnete<\/li>\n<li>Po vnosu gela popijte kozarec (vsaj 2 \u2013 3 dcl) vode<\/li>\n<li>Sildenafil sprosti krvne \u017eile v penisu in omogo\u010di pove\u010dan dotok krvi v penis<\/li>\n<li>Penis bo postal \u010dvrst, erekcija pa mo\u010dna in dolga<\/li>\n<li>Paket vsebuje 7 x vre\u010dk gelov z razli\u010dnimi okusi<\/li>\n<li>Gele shranjujte v temnem prostoru pri temperaturi do 30\u00baC<\/li>\n<\/ul>","protected":false},"excerpt":{"rendered":"<p data-start=\"74\" data-end=\"288\"><strong data-start=\"74\" data-end=\"96\">Kamagra Oral Jelly<\/strong> je hitra in u\u010dinkovita re\u0161itev za mo\u0161ke, ki \u017eelijo zanesljivo podporo pri erektilni disfunkciji. Zaradi teko\u010de oblike gela omogo\u010da enostavno uporabo brez po\u017eiranja tablet ter hitrej\u0161i u\u010dinek.<\/p>\n<p data-start=\"290\" data-end=\"481\">Gel izbolj\u0161a prekrvavitev penisa in pomaga dose\u010di trdno erekcijo \u017ee v <strong data-start=\"360\" data-end=\"377\">15\u201330 minutah<\/strong>. Vsako pakiranje vsebuje <strong data-start=\"403\" data-end=\"424\">7 vre\u010dk po 100 mg<\/strong> z razli\u010dnimi okusi, kar poskrbi za prijetnej\u0161o izku\u0161njo.<\/p>\n<p data-start=\"832\" data-end=\"853\"><strong data-start=\"832\" data-end=\"853\">Glavne prednosti:<\/strong><\/p>\n<ul data-start=\"854\" data-end=\"1014\">\n<li data-start=\"854\" data-end=\"889\">\n<p data-start=\"856\" data-end=\"889\">teko\u010da oblika za la\u017eje zau\u017eitje<\/p>\n<\/li>\n<li data-start=\"890\" data-end=\"939\">\n<p data-start=\"892\" data-end=\"939\">hitro delovanje, obi\u010dajno v <strong data-start=\"920\" data-end=\"937\">15\u201330 minutah<\/strong><\/p>\n<\/li>\n<li data-start=\"940\" data-end=\"979\">\n<p data-start=\"942\" data-end=\"979\">7 x 100 mg gelov z razli\u010dnimi okusi<\/p>\n<\/li>\n<li data-start=\"980\" data-end=\"1014\">\n<p data-start=\"982\" data-end=\"1014\">diskretna in enostavna uporaba<\/p>\n<\/li>\n<li data-start=\"980\" data-end=\"1014\">trajanje delovanja: 4-6 ur<\/li>\n<\/ul>","protected":false},"featured_media":6278,"comment_status":"open","ping_status":"closed","template":"","meta":[],"product_brand":[],"product_cat":[15],"product_tag":[],"class_list":{"0":"post-6167","1":"product","2":"type-product","3":"status-publish","4":"has-post-thumbnail","6":"product_cat-kamagra","8":"first","9":"instock","10":"sale","11":"shipping-taxable","12":"purchasable","13":"product-type-simple"},"_links":{"self":[{"href":"https:\/\/kamagra-men.com\/en\/wp-json\/wp\/v2\/product\/6167","targetHints":{"allow":["GET"]}}],"collection":[{"href":"https:\/\/kamagra-men.com\/en\/wp-json\/wp\/v2\/product"}],"about":[{"href":"https:\/\/kamagra-men.com\/en\/wp-json\/wp\/v2\/types\/product"}],"replies":[{"embeddable":true,"href":"https:\/\/kamagra-men.com\/en\/wp-json\/wp\/v2\/comments?post=6167"}],"wp:featuredmedia":[{"embeddable":true,"href":"https:\/\/kamagra-men.com\/en\/wp-json\/wp\/v2\/media\/6278"}],"wp:attachment":[{"href":"https:\/\/kamagra-men.com\/en\/wp-json\/wp\/v2\/media?parent=6167"}],"wp:term":[{"taxonomy":"product_brand","embeddable":true,"href":"https:\/\/kamagra-men.com\/en\/wp-json\/wp\/v2\/product_brand?post=6167"},{"taxonomy":"product_cat","embeddable":true,"href":"https:\/\/kamagra-men.com\/en\/wp-json\/wp\/v2\/product_cat?post=6167"},{"taxonomy":"product_tag","embeddable":true,"href":"https:\/\/kamagra-men.com\/en\/wp-json\/wp\/v2\/product_tag?post=6167"}],"curies":[{"name":"wp","href":"https:\/\/api.w.org\/{rel}","templated":true}]}}