{"id":6199,"date":"2026-01-04T13:25:02","date_gmt":"2026-01-04T13:25:02","guid":{"rendered":"https:\/\/kamagra-men.com\/?post_type=product&#038;p=6199"},"modified":"2026-02-23T18:44:00","modified_gmt":"2026-02-23T18:44:00","slug":"kamagra-sumece-tablete","status":"publish","type":"product","link":"https:\/\/kamagra-men.com\/en\/product\/kamagra-sumece-tablete\/","title":{"rendered":"Kamagra \u0160UME\u010cE tablete"},"content":{"rendered":"<ul>\n<li>Kamagra \u0161ume\u010de tablete zau\u017eijemo 15 minut pred spolnim odnosom<\/li>\n<li>Tableto raztopimo v vsaj 2 dcl vode<\/li>\n<li>Po njenem polnem delovanju (po 15 minutah) se vam bodo sprostile \u017eile v penisu, dostop krvi v penis bo omogo\u010den<\/li>\n<li>Penis bo postal trd, \u010dvrst, erekcija pa mo\u010dna<\/li>\n<li>V pakiranju prejmete 7 x \u0160ume\u010de tablete z okusom pomaran\u010de.<\/li>\n<li>Tablete shranjujte v temnem prostoru pri temperaturi do 30\u00baC<\/li>\n<\/ul>","protected":false},"excerpt":{"rendered":"<p data-start=\"78\" data-end=\"308\"><strong data-start=\"78\" data-end=\"104\">Kamagra \u0161ume\u010de tablete<\/strong>\u00a0so hitra in u\u010dinkovita re\u0161itev za mo\u0161ke z erektilno disfunkcijo. Vsaka tableta vsebuje\u00a0<strong data-start=\"192\" data-end=\"221\">100 mg sildenafil citrata<\/strong>, ki izbolj\u0161a prekrvavitev in omogo\u010da mo\u010dno, zanesljivo erekcijo ob spolni stimulaciji.<\/p>\n<p data-start=\"310\" data-end=\"455\">Zaradi\u00a0<strong data-start=\"317\" data-end=\"334\">\u0161ume\u010de oblike<\/strong>\u00a0se hitro raztopijo v vodi in za\u010dnejo delovati \u017ee v\u00a0<strong data-start=\"386\" data-end=\"410\">pribli\u017eno 15 minutah<\/strong>, kar pomeni ve\u010d spontanosti in manj \u010dakanja.<\/p>\n<p data-start=\"457\" data-end=\"478\"><strong data-start=\"457\" data-end=\"478\">Glavne prednosti:<\/strong><\/p>\n<ul data-start=\"479\" data-end=\"605\">\n<li data-start=\"479\" data-end=\"498\">\n<p data-start=\"481\" data-end=\"498\">hitro delovanje<\/p>\n<\/li>\n<li data-start=\"499\" data-end=\"545\">\n<p data-start=\"501\" data-end=\"545\">mo\u010dna in dolgotrajna erekcija (<strong data-start=\"532\" data-end=\"542\">4\u20136 ur<\/strong>)<\/p>\n<\/li>\n<li data-start=\"546\" data-end=\"577\">\n<p data-start=\"548\" data-end=\"577\">100 mg u\u010dinkovite sestavine<\/p>\n<\/li>\n<li data-start=\"578\" data-end=\"605\">\n<p data-start=\"580\" data-end=\"605\">prijeten okus pomaran\u010de<\/p>\n<\/li>\n<\/ul>\n<p data-start=\"607\" data-end=\"698\">Pakiranje vsebuje\u00a0<strong data-start=\"625\" data-end=\"654\">7 \u00d7 100 mg \u0161ume\u010dih tablet<\/strong>, idealno za prakti\u010dno in diskretno uporabo.<\/p>","protected":false},"featured_media":6290,"comment_status":"open","ping_status":"closed","template":"","meta":[],"product_brand":[],"product_cat":[15],"product_tag":[],"class_list":{"0":"post-6199","1":"product","2":"type-product","3":"status-publish","4":"has-post-thumbnail","6":"product_cat-kamagra","8":"first","9":"instock","10":"sale","11":"shipping-taxable","12":"purchasable","13":"product-type-simple"},"_links":{"self":[{"href":"https:\/\/kamagra-men.com\/en\/wp-json\/wp\/v2\/product\/6199","targetHints":{"allow":["GET"]}}],"collection":[{"href":"https:\/\/kamagra-men.com\/en\/wp-json\/wp\/v2\/product"}],"about":[{"href":"https:\/\/kamagra-men.com\/en\/wp-json\/wp\/v2\/types\/product"}],"replies":[{"embeddable":true,"href":"https:\/\/kamagra-men.com\/en\/wp-json\/wp\/v2\/comments?post=6199"}],"wp:featuredmedia":[{"embeddable":true,"href":"https:\/\/kamagra-men.com\/en\/wp-json\/wp\/v2\/media\/6290"}],"wp:attachment":[{"href":"https:\/\/kamagra-men.com\/en\/wp-json\/wp\/v2\/media?parent=6199"}],"wp:term":[{"taxonomy":"product_brand","embeddable":true,"href":"https:\/\/kamagra-men.com\/en\/wp-json\/wp\/v2\/product_brand?post=6199"},{"taxonomy":"product_cat","embeddable":true,"href":"https:\/\/kamagra-men.com\/en\/wp-json\/wp\/v2\/product_cat?post=6199"},{"taxonomy":"product_tag","embeddable":true,"href":"https:\/\/kamagra-men.com\/en\/wp-json\/wp\/v2\/product_tag?post=6199"}],"curies":[{"name":"wp","href":"https:\/\/api.w.org\/{rel}","templated":true}]}}