{"id":6200,"date":"2026-01-04T13:25:45","date_gmt":"2026-01-04T13:25:45","guid":{"rendered":"https:\/\/kamagra-men.com\/?post_type=product&#038;p=6200"},"modified":"2026-02-26T10:06:40","modified_gmt":"2026-02-26T10:06:40","slug":"kamagra-gold-tablete","status":"publish","type":"product","link":"https:\/\/kamagra-men.com\/en\/product\/kamagra-gold-tablete\/","title":{"rendered":"Kamagra GOLD tablete"},"content":{"rendered":"<ul>\n<li>Gold Tableto zau\u017eijte 30-45 min pred spolnim odnosom<\/li>\n<li>Po zau\u017eitju tablete popijte kozarec (vsaj 2 \u2013 3 dcl) vode<\/li>\n<li>Sildenafil sprosti krvne \u017eile v penisu in omogo\u010di pove\u010dan dotok krvi v penis<\/li>\n<li>Penis bo postal trd, va\u0161a erekcija pa dolga, mo\u010dna in intenzivna<\/li>\n<li>Paket vsebuje 4 x Kamagra Gold Tablete<\/li>\n<li>Tablete shranjujte v temnem prostoru pri temperaturi do 30\u00baC<\/li>\n<\/ul>","protected":false},"excerpt":{"rendered":"<p data-start=\"77\" data-end=\"305\"><strong data-start=\"77\" data-end=\"101\">Kamagra Gold tablete<\/strong> vsebujejo <strong data-start=\"112\" data-end=\"141\">100 mg sildenafil citrata<\/strong> in so zanesljiva izbira za mo\u0161ke, ki \u017eelijo mo\u010dno in dolgotrajno erekcijo. Namenjene so izbolj\u0161anju prekrvavitve penisa ter ve\u010dji samozavesti v intimnih trenutkih.<\/p>\n<p data-start=\"307\" data-end=\"374\">Delovanje se za\u010dne v <strong data-start=\"328\" data-end=\"345\">45\u201360 minutah<\/strong> in lahko traja <strong data-start=\"361\" data-end=\"373\">do 6+ ur<\/strong>.<\/p>\n<p data-start=\"376\" data-end=\"403\"><strong data-start=\"376\" data-end=\"403\">Prednosti Kamagra Gold:<\/strong><\/p>\n<ul data-start=\"404\" data-end=\"507\">\n<li data-start=\"404\" data-end=\"431\">\n<p data-start=\"406\" data-end=\"431\">100 mg mo\u010dne u\u010dinkovine<\/p>\n<\/li>\n<li data-start=\"432\" data-end=\"462\">\n<p data-start=\"434\" data-end=\"462\">trdna in stabilna erekcija<\/p>\n<\/li>\n<li data-start=\"463\" data-end=\"485\">\n<p data-start=\"465\" data-end=\"485\">dolgotrajen u\u010dinek<\/p>\n<\/li>\n<li data-start=\"486\" data-end=\"507\">\n<p data-start=\"488\" data-end=\"507\">enostavna uporaba<\/p>\n<\/li>\n<\/ul>\n<p data-start=\"509\" data-end=\"593\">Pakiranje vsebuje <strong data-start=\"527\" data-end=\"549\">4 \u00d7 100 mg tablete<\/strong>, idealno za prakti\u010dno in diskretno uporabo.<\/p>","protected":false},"featured_media":6274,"comment_status":"open","ping_status":"closed","template":"","meta":[],"product_brand":[],"product_cat":[15],"product_tag":[],"class_list":{"0":"post-6200","1":"product","2":"type-product","3":"status-publish","4":"has-post-thumbnail","6":"product_cat-kamagra","8":"first","9":"instock","10":"sale","11":"shipping-taxable","12":"purchasable","13":"product-type-simple"},"_links":{"self":[{"href":"https:\/\/kamagra-men.com\/en\/wp-json\/wp\/v2\/product\/6200","targetHints":{"allow":["GET"]}}],"collection":[{"href":"https:\/\/kamagra-men.com\/en\/wp-json\/wp\/v2\/product"}],"about":[{"href":"https:\/\/kamagra-men.com\/en\/wp-json\/wp\/v2\/types\/product"}],"replies":[{"embeddable":true,"href":"https:\/\/kamagra-men.com\/en\/wp-json\/wp\/v2\/comments?post=6200"}],"wp:featuredmedia":[{"embeddable":true,"href":"https:\/\/kamagra-men.com\/en\/wp-json\/wp\/v2\/media\/6274"}],"wp:attachment":[{"href":"https:\/\/kamagra-men.com\/en\/wp-json\/wp\/v2\/media?parent=6200"}],"wp:term":[{"taxonomy":"product_brand","embeddable":true,"href":"https:\/\/kamagra-men.com\/en\/wp-json\/wp\/v2\/product_brand?post=6200"},{"taxonomy":"product_cat","embeddable":true,"href":"https:\/\/kamagra-men.com\/en\/wp-json\/wp\/v2\/product_cat?post=6200"},{"taxonomy":"product_tag","embeddable":true,"href":"https:\/\/kamagra-men.com\/en\/wp-json\/wp\/v2\/product_tag?post=6200"}],"curies":[{"name":"wp","href":"https:\/\/api.w.org\/{rel}","templated":true}]}}